{"id":3,"date":"2024-12-04T01:56:22","date_gmt":"2024-12-04T01:56:22","guid":{"rendered":"http:\/\/box4290\/cgi\/addon_GT.cgi?s=GT::WP::Install::Cpanel+%28fodrmjmy%29+-+127.0.0.1+%5Bnocaller%5D\/?page_id=3"},"modified":"2025-08-25T06:16:30","modified_gmt":"2025-08-25T06:16:30","slug":"impressum","status":"publish","type":"page","link":"https:\/\/stefanie-zoechmann.com\/de\/impressum\/","title":{"rendered":"Impressum"},"content":{"rendered":"[et_pb_section fb_built=&#8221;1&#8243; admin_label=&#8221;section&#8221; _builder_version=&#8221;4.16&#8243; global_colors_info=&#8221;{}&#8221;][et_pb_row admin_label=&#8221;row&#8221; _builder_version=&#8221;4.16&#8243; background_size=&#8221;initial&#8221; background_position=&#8221;top_left&#8221; background_repeat=&#8221;repeat&#8221; global_colors_info=&#8221;{}&#8221;][et_pb_column type=&#8221;4_4&#8243; _builder_version=&#8221;4.16&#8243; custom_padding=&#8221;|||&#8221; global_colors_info=&#8221;{}&#8221; custom_padding__hover=&#8221;|||&#8221;][et_pb_text admin_label=&#8221;Text&#8221; _builder_version=&#8221;4.16&#8243; background_size=&#8221;initial&#8221; background_position=&#8221;top_left&#8221; background_repeat=&#8221;repeat&#8221; global_colors_info=&#8221;{}&#8221;]<p><span style=\"font-size: 30px; color: #333333;\">Impressum<\/span><\/p>\n<div class=\"idg-text-ajax-loading \" data-text-id=\"2944150\" data-text-language=\"de\">\n<p class=\"font_8 wixui-rich-text__text\"><em>Version 1.0 of 15.01.2025<span class=\"wixGuard wixui-rich-text__text\"><\/span><\/em><\/p>\n<p class=\"font_8 wixui-rich-text__text\"><span style=\"font-size: 14px;\">Information provided by the legal obligations under \u00a75 E-Commerce Act, \u00a714 Austrian Commercial Code, \u00a763 Trade Regulation Act, and disclosure requirements under \u00a725 Media Act.<\/span><span style=\"font-size: 14px;\">\u200b<\/span><\/p>\n<p class=\"font_8 wixui-rich-text__text\"><\/p>\n<p class=\"adsimple-122944150\"><strong><span style=\"font-size: 14px;\">Stefanie Z\u00f6chmann <br \/><\/span><\/strong><strong><span style=\"font-size: 14px;\"><span>Career. Leadership. Team Coaching.<\/span><br \/><\/span><\/strong><span style=\"font-size: 14px;\">Leystra\u00dfe 143, Stiege 2, T\u00fcr 7<br \/><\/span><span style=\"font-size: 14px;\">1020 Wien<br \/><\/span>\u00d6sterreich<\/p>\n<p><strong>Tel.:<\/strong><span>\u00a0<\/span>+436642382820<br \/><strong>E-Mail:<\/strong><span>\u00a0<\/span><a href=\"mailto:contact@stefanie-zoechmann.com\">contact@stefanie-zoechmann.com<\/a><\/p>\n<p><strong>Business Purpose:<\/strong><span>\u00a0<\/span>Unternehmensberatung einschlie\u00dflich der Unternehmensorganisation eingeschr\u00e4nkt auf Personalentwicklung<br \/><strong>GLN (Global Location Number):<\/strong><span>\u00a0<\/span>9110037021884<br \/><strong>GISA (Gewerbeinformationssystem Austria):<\/strong><span>\u00a0<\/span>37768195<br \/><strong>Member of:<\/strong><span>\u00a0<\/span>Mitglied der WKW, Fachgruppe UBIT<br \/><strong>Profession Regulations:<\/strong><span>\u00a0<\/span>Gewerbeordnung: www.ris.bka.gv.at<\/p>\n<p><strong><span>Supervisory Authority<\/span>:<\/strong><br \/>Magistratisches Bezirksamt f\u00fcr den 2. Bezirk<br \/>Karmelitergasse 9, 1020 Wien<\/p>\n<p><strong>Profession Title:<\/strong><span>\u00a0<\/span>Business Coaching<br \/><strong>Awarding Country:<\/strong><span>\u00a0<\/span>Austria<\/p>\n<p><strong>Responsibility of Data Protection:<\/strong><br \/>Stefanie Z\u00f6chmann<br \/><strong>E-Mail:<\/strong><span>\u00a0<\/span><a href=\"mailto:contact@stefanie-zoechmann.com\">contact@stefanie-zoechmann.com<\/a><br \/><strong>Impressum:<\/strong><span>\u00a0<\/span><a href=\"https:\/\/www.stefanie-zoechmann.com\/impressum\/\" target=\"_blank\" rel=\"noopener\">https:\/\/www.stefanie-zoechmann.com\/impressum\/<\/a><\/p>\n<h2 id=\"eu-streitschlichtung\" class=\"adsimple-122944150 fusion-responsive-typography-calculated\" data-fontsize=\"24\" data-lineheight=\"36px\"><span>EU Dispute Resolution<\/span><\/h2>\n<p class=\"adsimple-122944150\"><span>In accordance with the Regulation on Online Dispute Resolution in Consumer Affairs (ODR Regulation), we would like to inform you about the Online Dispute Resolution Platform (ODR Platform)<\/span>.<\/p>\n<p class=\"adsimple-122944150\"><span>Consumers have the opportunity to submit complaints to the European Commission\u2019s Online Dispute Resolution Platform at: <\/span><a class=\"adsimple-122944150\" href=\"https:\/\/ec.europa.eu\/consumers\/odr\/main\/index.cfm?event=main.home2.show&amp;lng=DE\" target=\"_blank\" rel=\"follow noopener\">https:\/\/ec.europa.eu\/consumers\/odr\/main\/index.cfm?event=main.home2.show&amp;lng=DE <\/a><span style=\"font-size: 14px;\">However, we would like to point out that we are neither willing nor obliged to participate in dispute resolution procedures before a consumer arbitration board.<\/span><\/p>\n<h2 id=\"onlineauftritte\" class=\"adsimple-122944150 fusion-responsive-typography-calculated\" data-fontsize=\"24\" data-lineheight=\"36px\">Liability for the Content of this Website<\/h2>\n<p class=\"font_8 wixui-rich-text__text\"><span>We continuously develop the content of this website and strive to provide correct and up-to-date information. However, we cannot assume any liability for the accuracy of all content on this website, especially those provided by third parties. <\/span><span>As a service provider, we are not obligated to monitor transmitted or stored information or to investigate circumstances indicating illegal activity.<\/span><\/p>\n<p class=\"font_8 wixui-rich-text__text\"><span class=\"wixGuard wixui-rich-text__text\">\u200b<\/span>Our obligations to remove information or block its use under general laws due to judicial or official orders remain unaffected, even if we are not responsible.<\/p>\n<p class=\"font_8 wixui-rich-text__text\"><span>If you notice problematic or illegal content, please contact us immediately so that we can remove the content. You can find the contact details in the imprint<\/span>.<\/p>\n<h2 id=\"onlineauftritte\" class=\"adsimple-122944150 fusion-responsive-typography-calculated\" data-fontsize=\"24\" data-lineheight=\"36px\">Additional Online Presence<\/h2>\n<p><span>This imprint also applies to:<\/span><br \/><a href=\"https:\/\/www.linkedin.com\/in\/stefaniezoechmann\" target=\"_blank\" rel=\"noopener\">https:\/\/www.linkedin.com\/in\/stefaniezoechmann<\/a><\/p>\n<h2 id=\"onlineauftritte\" class=\"adsimple-122944150 fusion-responsive-typography-calculated\" data-fontsize=\"24\" data-lineheight=\"36px\">Liability for Links on this Website<\/h2>\n<p class=\"font_8 wixui-rich-text__text\"><span>Our website contains links to other websites for whose content we are not responsible. We do not assume liability for linked websites, as we had no knowledge of illegal activities, have not noticed any such violations so far, and would remove links immediately if we became aware of any legal violations.<\/span><\/p>\n<p class=\"font_8 wixui-rich-text__text\"><span>If you notice any illegal links on our website, please contact us. You can find the contact details in the imprint.<\/span><\/p>\n<h2 class=\"adsimple-122944150 fusion-responsive-typography-calculated\" data-fontsize=\"24\" data-lineheight=\"36px\">Image rights<\/h2>\n<p>Photos: <span>\u00a9 2025 PicturePeople GmbH<\/span><\/p>\n<h2 id=\"onlineauftritte\" class=\"adsimple-122944150 fusion-responsive-typography-calculated\" data-fontsize=\"24\" data-lineheight=\"36px\">Copyright Notice<\/h2>\n<p class=\"adsimple-122944150\"><span>All content on this website (images, photos, texts, videos) is subject to copyright. Please contact us before distributing, reproducing, or utilizing the content of this website, such as republishing it on other websites. If necessary, we will take legal action against unauthorized use of any parts of our content.<br \/>All rights reserved \u00a9 Stefanie Z\u00f6chmann<\/span><\/p>\n<p class=\"font_8 wixui-rich-text__text\"><span>If you find content on this website that violates copyright laws, please contact us.<\/span><\/p>\n<p><span style=\"font-size: 14px;\">Source: Created with the<\/span><span style=\"font-size: 14px;\">\u00a0<\/span><a href=\"https:\/\/www.adsimple.at\/impressum-generator\/\" title=\"Impressum Generator \u00d6sterreich von AdSimple\" style=\"font-size: 14px;\">Impressum Generator<\/a><span style=\"font-size: 14px;\">\u00a0<\/span><span style=\"font-size: 14px;\">by AdSimple<\/span><\/p>\n<\/div>\n<div class=\"copy-separator-de\"><\/div>\n<h2 class=\"wp-block-heading\"><\/h2>\n<p><\/p>[\/et_pb_text][\/et_pb_column][\/et_pb_row][\/et_pb_section]<!-- \/wp:post-content -->","protected":false},"excerpt":{"rendered":"<p>Impressum Version 1.0 of 15.01.2025 Information provided by the legal obligations under \u00a75 E-Commerce Act, \u00a714 Austrian Commercial Code, \u00a763 Trade Regulation Act, and disclosure requirements under \u00a725 Media Act.\u200b Stefanie Z\u00f6chmann Career. Leadership. Team Coaching.Leystra\u00dfe 143, Stiege 2, T\u00fcr 71020 Wien\u00d6sterreich Tel.:\u00a0+436642382820E-Mail:\u00a0contact@stefanie-zoechmann.com Business Purpose:\u00a0Unternehmensberatung einschlie\u00dflich der Unternehmensorganisation eingeschr\u00e4nkt auf PersonalentwicklungGLN (Global Location Number):\u00a09110037021884GISA (Gewerbeinformationssystem [&hellip;]<\/p>\n","protected":false},"author":1,"featured_media":0,"parent":0,"menu_order":0,"comment_status":"closed","ping_status":"closed","template":"","meta":{"nf_dc_page":"","_et_pb_use_builder":"on","_et_pb_old_content":"<!-- wp:heading -->\n<h2 class=\"wp-block-heading\">Who we are<\/h2>\n<!-- \/wp:heading -->\n<!-- wp:paragraph -->\n<p><strong class=\"privacy-policy-tutorial\">Suggested text: <\/strong>Our website address is: http:\/\/box4290\/cgi\/addon_GT.cgi?s=GT::WP::Install::Cpanel+%28fodrmjmy%29+-+127.0.0.1+%5Bnocaller%5D.<\/p>\n<!-- \/wp:paragraph -->\n<!-- wp:heading -->\n<h2 class=\"wp-block-heading\">Comments<\/h2>\n<!-- \/wp:heading -->\n<!-- wp:paragraph -->\n<p><strong class=\"privacy-policy-tutorial\">Suggested text: <\/strong>When visitors leave comments on the site we collect the data shown in the comments form, and also the visitor&#8217;s IP address and browser user agent string to help spam detection.<\/p>\n<!-- \/wp:paragraph -->\n<!-- wp:paragraph -->\n<p>An anonymized string created from your email address (also called a hash) may be provided to the Gravatar service to see if you are using it. The Gravatar service privacy policy is available here: https:\/\/automattic.com\/privacy\/. After approval of your comment, your profile picture is visible to the public in the context of your comment.<\/p>\n<!-- \/wp:paragraph -->\n<!-- wp:heading -->\n<h2 class=\"wp-block-heading\">Media<\/h2>\n<!-- \/wp:heading -->\n<!-- wp:paragraph -->\n<p><strong class=\"privacy-policy-tutorial\">Suggested text: <\/strong>If you upload images to the website, you should avoid uploading images with embedded location data (EXIF GPS) included. Visitors to the website can download and extract any location data from images on the website.<\/p>\n<!-- \/wp:paragraph -->\n<!-- wp:heading -->\n<h2 class=\"wp-block-heading\">Cookies<\/h2>\n<!-- \/wp:heading -->\n<!-- wp:paragraph -->\n<p><strong class=\"privacy-policy-tutorial\">Suggested text: <\/strong>If you leave a comment on our site you may opt-in to saving your name, email address and website in cookies. These are for your convenience so that you do not have to fill in your details again when you leave another comment. These cookies will last for one year.<\/p>\n<!-- \/wp:paragraph -->\n<!-- wp:paragraph -->\n<p>If you visit our login page, we will set a temporary cookie to determine if your browser accepts cookies. This cookie contains no personal data and is discarded when you close your browser.<\/p>\n<!-- \/wp:paragraph -->\n<!-- wp:paragraph -->\n<p>When you log in, we will also set up several cookies to save your login information and your screen display choices. Login cookies last for two days, and screen options cookies last for a year. If you select &quot;Remember Me&quot;, your login will persist for two weeks. If you log out of your account, the login cookies will be removed.<\/p>\n<!-- \/wp:paragraph -->\n<!-- wp:paragraph -->\n<p>If you edit or publish an article, an additional cookie will be saved in your browser. This cookie includes no personal data and simply indicates the post ID of the article you just edited. It expires after 1 day.<\/p>\n<!-- \/wp:paragraph -->\n<!-- wp:heading -->\n<h2 class=\"wp-block-heading\">Embedded content from other websites<\/h2>\n<!-- \/wp:heading -->\n<!-- wp:paragraph -->\n<p><strong class=\"privacy-policy-tutorial\">Suggested text: <\/strong>Articles on this site may include embedded content (e.g. videos, images, articles, etc.). Embedded content from other websites behaves in the exact same way as if the visitor has visited the other website.<\/p>\n<!-- \/wp:paragraph -->\n<!-- wp:paragraph -->\n<p>These websites may collect data about you, use cookies, embed additional third-party tracking, and monitor your interaction with that embedded content, including tracking your interaction with the embedded content if you have an account and are logged in to that website.<\/p>\n<!-- \/wp:paragraph -->\n<!-- wp:heading -->\n<h2 class=\"wp-block-heading\">Who we share your data with<\/h2>\n<!-- \/wp:heading -->\n<!-- wp:paragraph -->\n<p><strong class=\"privacy-policy-tutorial\">Suggested text: <\/strong>If you request a password reset, your IP address will be included in the reset email.<\/p>\n<!-- \/wp:paragraph -->\n<!-- wp:heading -->\n<h2 class=\"wp-block-heading\">How long we retain your data<\/h2>\n<!-- \/wp:heading -->\n<!-- wp:paragraph -->\n<p><strong class=\"privacy-policy-tutorial\">Suggested text: <\/strong>If you leave a comment, the comment and its metadata are retained indefinitely. This is so we can recognize and approve any follow-up comments automatically instead of holding them in a moderation queue.<\/p>\n<!-- \/wp:paragraph -->\n<!-- wp:paragraph -->\n<p>For users that register on our website (if any), we also store the personal information they provide in their user profile. All users can see, edit, or delete their personal information at any time (except they cannot change their username). Website administrators can also see and edit that information.<\/p>\n<!-- \/wp:paragraph -->\n<!-- wp:heading -->\n<h2 class=\"wp-block-heading\">What rights you have over your data<\/h2>\n<!-- \/wp:heading -->\n<!-- wp:paragraph -->\n<p><strong class=\"privacy-policy-tutorial\">Suggested text: <\/strong>If you have an account on this site, or have left comments, you can request to receive an exported file of the personal data we hold about you, including any data you have provided to us. You can also request that we erase any personal data we hold about you. This does not include any data we are obliged to keep for administrative, legal, or security purposes.<\/p>\n<!-- \/wp:paragraph -->\n<!-- wp:heading -->\n<h2 class=\"wp-block-heading\">Where your data is sent<\/h2>\n<!-- \/wp:heading -->\n<!-- wp:paragraph -->\n<p><strong class=\"privacy-policy-tutorial\">Suggested text: <\/strong>Visitor comments may be checked through an automated spam detection service.<\/p>\n<!-- \/wp:paragraph -->\n","_et_gb_content_width":"","om_disable_all_campaigns":false,"_monsterinsights_skip_tracking":false,"_monsterinsights_sitenote_active":false,"_monsterinsights_sitenote_note":"","_monsterinsights_sitenote_category":0,"footnotes":""},"class_list":["post-3","page","type-page","status-publish","hentry"],"yoast_head":"<!-- This site is optimized with the Yoast SEO plugin v27.4 - https:\/\/yoast.com\/product\/yoast-seo-wordpress\/ -->\n<title>Impressum - Stefanie Z\u00f6chmann - Business Coach<\/title>\n<meta name=\"robots\" content=\"index, follow, max-snippet:-1, max-image-preview:large, max-video-preview:-1\" \/>\n<link rel=\"canonical\" href=\"https:\/\/stefanie-zoechmann.com\/de\/impressum\/\" \/>\n<meta property=\"og:locale\" content=\"de_DE\" \/>\n<meta property=\"og:type\" content=\"article\" \/>\n<meta property=\"og:title\" content=\"Impressum - Stefanie Z\u00f6chmann - Business Coach\" \/>\n<meta property=\"og:description\" content=\"Impressum Version 1.0 of 15.01.2025 Information provided by the legal obligations under \u00a75 E-Commerce Act, \u00a714 Austrian Commercial Code, \u00a763 Trade Regulation Act, and disclosure requirements under \u00a725 Media Act.\u200b Stefanie Z\u00f6chmann Career. Leadership. Team Coaching.Leystra\u00dfe 143, Stiege 2, T\u00fcr 71020 Wien\u00d6sterreich Tel.:\u00a0+436642382820E-Mail:\u00a0contact@stefanie-zoechmann.com Business Purpose:\u00a0Unternehmensberatung einschlie\u00dflich der Unternehmensorganisation eingeschr\u00e4nkt auf PersonalentwicklungGLN (Global Location Number):\u00a09110037021884GISA (Gewerbeinformationssystem [&hellip;]\" \/>\n<meta property=\"og:url\" content=\"https:\/\/stefanie-zoechmann.com\/de\/impressum\/\" \/>\n<meta property=\"og:site_name\" content=\"Stefanie Z\u00f6chmann - Business Coach\" \/>\n<meta property=\"article:modified_time\" content=\"2025-08-25T06:16:30+00:00\" \/>\n<meta name=\"twitter:card\" content=\"summary_large_image\" \/>\n<meta name=\"twitter:label1\" content=\"Gesch\u00e4tzte Lesezeit\" \/>\n\t<meta name=\"twitter:data1\" content=\"3\u00a0Minuten\" \/>\n<script type=\"application\/ld+json\" class=\"yoast-schema-graph\">{\"@context\":\"https:\\\/\\\/schema.org\",\"@graph\":[{\"@type\":\"WebPage\",\"@id\":\"https:\\\/\\\/stefanie-zoechmann.com\\\/impressum\\\/\",\"url\":\"https:\\\/\\\/stefanie-zoechmann.com\\\/impressum\\\/\",\"name\":\"Impressum - Stefanie Z\u00f6chmann - Business Coach\",\"isPartOf\":{\"@id\":\"https:\\\/\\\/stefanie-zoechmann.com\\\/#website\"},\"datePublished\":\"2024-12-04T01:56:22+00:00\",\"dateModified\":\"2025-08-25T06:16:30+00:00\",\"breadcrumb\":{\"@id\":\"https:\\\/\\\/stefanie-zoechmann.com\\\/impressum\\\/#breadcrumb\"},\"inLanguage\":\"de\",\"potentialAction\":[{\"@type\":\"ReadAction\",\"target\":[\"https:\\\/\\\/stefanie-zoechmann.com\\\/impressum\\\/\"]}]},{\"@type\":\"BreadcrumbList\",\"@id\":\"https:\\\/\\\/stefanie-zoechmann.com\\\/impressum\\\/#breadcrumb\",\"itemListElement\":[{\"@type\":\"ListItem\",\"position\":1,\"name\":\"Home\",\"item\":\"https:\\\/\\\/stefanie-zoechmann.com\\\/\"},{\"@type\":\"ListItem\",\"position\":2,\"name\":\"Impressum\"}]},{\"@type\":\"WebSite\",\"@id\":\"https:\\\/\\\/stefanie-zoechmann.com\\\/#website\",\"url\":\"https:\\\/\\\/stefanie-zoechmann.com\\\/\",\"name\":\"Stefanie Z\u00f6chmann - Business Coach\",\"description\":\"\",\"potentialAction\":[{\"@type\":\"SearchAction\",\"target\":{\"@type\":\"EntryPoint\",\"urlTemplate\":\"https:\\\/\\\/stefanie-zoechmann.com\\\/?s={search_term_string}\"},\"query-input\":{\"@type\":\"PropertyValueSpecification\",\"valueRequired\":true,\"valueName\":\"search_term_string\"}}],\"inLanguage\":\"de\"}]}<\/script>\n<!-- \/ Yoast SEO plugin. -->","yoast_head_json":{"title":"Impressum - Stefanie Z\u00f6chmann - Business Coach","robots":{"index":"index","follow":"follow","max-snippet":"max-snippet:-1","max-image-preview":"max-image-preview:large","max-video-preview":"max-video-preview:-1"},"canonical":"https:\/\/stefanie-zoechmann.com\/de\/impressum\/","og_locale":"de_DE","og_type":"article","og_title":"Impressum - Stefanie Z\u00f6chmann - Business Coach","og_description":"Impressum Version 1.0 of 15.01.2025 Information provided by the legal obligations under \u00a75 E-Commerce Act, \u00a714 Austrian Commercial Code, \u00a763 Trade Regulation Act, and disclosure requirements under \u00a725 Media Act.\u200b Stefanie Z\u00f6chmann Career. Leadership. Team Coaching.Leystra\u00dfe 143, Stiege 2, T\u00fcr 71020 Wien\u00d6sterreich Tel.:\u00a0+436642382820E-Mail:\u00a0contact@stefanie-zoechmann.com Business Purpose:\u00a0Unternehmensberatung einschlie\u00dflich der Unternehmensorganisation eingeschr\u00e4nkt auf PersonalentwicklungGLN (Global Location Number):\u00a09110037021884GISA (Gewerbeinformationssystem [&hellip;]","og_url":"https:\/\/stefanie-zoechmann.com\/de\/impressum\/","og_site_name":"Stefanie Z\u00f6chmann - Business Coach","article_modified_time":"2025-08-25T06:16:30+00:00","twitter_card":"summary_large_image","twitter_misc":{"Gesch\u00e4tzte Lesezeit":"3\u00a0Minuten"},"schema":{"@context":"https:\/\/schema.org","@graph":[{"@type":"WebPage","@id":"https:\/\/stefanie-zoechmann.com\/impressum\/","url":"https:\/\/stefanie-zoechmann.com\/impressum\/","name":"Impressum - Stefanie Z\u00f6chmann - Business Coach","isPartOf":{"@id":"https:\/\/stefanie-zoechmann.com\/#website"},"datePublished":"2024-12-04T01:56:22+00:00","dateModified":"2025-08-25T06:16:30+00:00","breadcrumb":{"@id":"https:\/\/stefanie-zoechmann.com\/impressum\/#breadcrumb"},"inLanguage":"de","potentialAction":[{"@type":"ReadAction","target":["https:\/\/stefanie-zoechmann.com\/impressum\/"]}]},{"@type":"BreadcrumbList","@id":"https:\/\/stefanie-zoechmann.com\/impressum\/#breadcrumb","itemListElement":[{"@type":"ListItem","position":1,"name":"Home","item":"https:\/\/stefanie-zoechmann.com\/"},{"@type":"ListItem","position":2,"name":"Impressum"}]},{"@type":"WebSite","@id":"https:\/\/stefanie-zoechmann.com\/#website","url":"https:\/\/stefanie-zoechmann.com\/","name":"Stefanie Z\u00f6chmann - Business Coach","description":"","potentialAction":[{"@type":"SearchAction","target":{"@type":"EntryPoint","urlTemplate":"https:\/\/stefanie-zoechmann.com\/?s={search_term_string}"},"query-input":{"@type":"PropertyValueSpecification","valueRequired":true,"valueName":"search_term_string"}}],"inLanguage":"de"}]}},"jetpack_sharing_enabled":true,"_links":{"self":[{"href":"https:\/\/stefanie-zoechmann.com\/de\/wp-json\/wp\/v2\/pages\/3","targetHints":{"allow":["GET"]}}],"collection":[{"href":"https:\/\/stefanie-zoechmann.com\/de\/wp-json\/wp\/v2\/pages"}],"about":[{"href":"https:\/\/stefanie-zoechmann.com\/de\/wp-json\/wp\/v2\/types\/page"}],"author":[{"embeddable":true,"href":"https:\/\/stefanie-zoechmann.com\/de\/wp-json\/wp\/v2\/users\/1"}],"replies":[{"embeddable":true,"href":"https:\/\/stefanie-zoechmann.com\/de\/wp-json\/wp\/v2\/comments?post=3"}],"version-history":[{"count":20,"href":"https:\/\/stefanie-zoechmann.com\/de\/wp-json\/wp\/v2\/pages\/3\/revisions"}],"predecessor-version":[{"id":1478,"href":"https:\/\/stefanie-zoechmann.com\/de\/wp-json\/wp\/v2\/pages\/3\/revisions\/1478"}],"wp:attachment":[{"href":"https:\/\/stefanie-zoechmann.com\/de\/wp-json\/wp\/v2\/media?parent=3"}],"curies":[{"name":"wp","href":"https:\/\/api.w.org\/{rel}","templated":true}]}}